{"id":50,"date":"2018-06-11T20:34:30","date_gmt":"2018-06-11T18:34:30","guid":{"rendered":"http:\/\/www.fotoburmann.at\/?page_id=50"},"modified":"2018-07-17T15:34:27","modified_gmt":"2018-07-17T13:34:27","slug":"impressum","status":"publish","type":"page","link":"http:\/\/www.fotoburmann.at\/?page_id=50","title":{"rendered":"Impressum"},"content":{"rendered":"<div id=\"container\" class=\"opacity\">\n<div class=\"full-width\">\n<p align=\"justify\"><b>Inhaber:<\/b><br \/>\nfotoburmann.at<\/p>\n<p>p.A. Rainer Burmann<br \/>\nSpeisinger Str. 19<br \/>\nA-1130 Wien<\/p>\n<p>Telefon: 0664\/3785616<br \/>\nE-Mail: rb@fotoburmann.at<br \/>\nHomepage: www.fotoburmann.at<\/p>\n<hr \/>\n<p>Alle Rechte vorbehalten, soweit nicht Rechte Dritter gesetzlich und vertraglich ber\u00fchrt sind. Texte, Bilder, Grafiken, Gestaltung \/ Layout \/ Anordnung unterliegen (ebenso wie Schriftz\u00fcge und Logos) dem Schutz des Urheberrechtes.<\/p>\n<p>Die Website wurde mit gr\u00f6\u00dftm\u00f6glicher Sorgfalt zusammengestellt. Trotzdem kann f\u00fcr Fehlerfreiheit und Genauigkeit der enthaltenen Informationen nicht garantiert werden. Die in die Website eingestellten Links wurden mit gr\u00f6\u00dftm\u00f6glicher Sorgfalt zusammengestellt. Der Inhaber haftet nicht f\u00fcr die dort verbreiteten Inhalte bzw. von dort abzweigende Links.<\/p>\n<p><b>Hinweise:<\/b><br \/>\nF\u00fcr alle Links dieser Homepage gilt: Wir m\u00f6chten ausdr\u00fccklich betonen, dass wir keinerlei Einfluss auf die Gestaltung und Inhalte der gelinkten Seiten haben. Deshalb distanzieren wir uns hiermit ausdr\u00fccklich von allen Inhalten aller gelinkten Seiten auf unserer Homepage.<\/p>\n<p>All Rights Reserved<\/p><\/div>\n<div class=\"transify\"><\/div>\n<\/div>\n","protected":false},"excerpt":{"rendered":"<div class=\"mh-excerpt\"><p>Inhaber: fotoburmann.at p.A. Rainer Burmann Speisinger Str. 19 A-1130 Wien Telefon: 0664\/3785616 E-Mail: rb@fotoburmann.at Homepage: www.fotoburmann.at Alle Rechte vorbehalten, soweit nicht Rechte Dritter gesetzlich und vertraglich ber\u00fchrt sind. Texte, Bilder, Grafiken, Gestaltung \/ Layout \/ <a class=\"mh-excerpt-more\" href=\"http:\/\/www.fotoburmann.at\/?page_id=50\" title=\"Impressum\">[&#8230;]<\/a><\/p>\n<\/div>","protected":false},"author":2,"featured_media":0,"parent":0,"menu_order":0,"comment_status":"closed","ping_status":"closed","template":"","meta":{"spay_email":""},"jetpack_sharing_enabled":true,"jetpack_shortlink":"https:\/\/wp.me\/Pa4arI-O","jetpack-related-posts":[],"_links":{"self":[{"href":"http:\/\/www.fotoburmann.at\/index.php?rest_route=\/wp\/v2\/pages\/50"}],"collection":[{"href":"http:\/\/www.fotoburmann.at\/index.php?rest_route=\/wp\/v2\/pages"}],"about":[{"href":"http:\/\/www.fotoburmann.at\/index.php?rest_route=\/wp\/v2\/types\/page"}],"author":[{"embeddable":true,"href":"http:\/\/www.fotoburmann.at\/index.php?rest_route=\/wp\/v2\/users\/2"}],"replies":[{"embeddable":true,"href":"http:\/\/www.fotoburmann.at\/index.php?rest_route=%2Fwp%2Fv2%2Fcomments&post=50"}],"version-history":[{"count":2,"href":"http:\/\/www.fotoburmann.at\/index.php?rest_route=\/wp\/v2\/pages\/50\/revisions"}],"predecessor-version":[{"id":492,"href":"http:\/\/www.fotoburmann.at\/index.php?rest_route=\/wp\/v2\/pages\/50\/revisions\/492"}],"wp:attachment":[{"href":"http:\/\/www.fotoburmann.at\/index.php?rest_route=%2Fwp%2Fv2%2Fmedia&parent=50"}],"curies":[{"name":"wp","href":"https:\/\/api.w.org\/{rel}","templated":true}]}}